{"id":546,"date":"2025-04-09T20:27:53","date_gmt":"2025-04-09T20:27:53","guid":{"rendered":"https:\/\/infinitytravelclub.net\/?page_id=546"},"modified":"2025-04-26T20:01:17","modified_gmt":"2025-04-26T20:01:17","slug":"quest-ce-qui-est-compris-dans-labonnement-infinity-concierge-gds","status":"publish","type":"page","link":"https:\/\/infinitytravelgroup.com\/?page_id=546","title":{"rendered":"QU&#8217;EST CE QUI EST COMPRIS DANS L&#8217;ABONNEMENT INFINITY CONCIERGE GDS ?"},"content":{"rendered":"\n<p>Avec votre abonnement , vous avez la possibilit\u00e9 de contacter votre concierge (jusqu\u2019\u00e0 7j\/7, 24h\/24 y compris les jours f\u00e9ri\u00e9s&nbsp; selon la cat\u00e9gorie de votre abonnement) de mani\u00e8re illimit\u00e9e par t\u00e9l\u00e9phone, par WhatsApp, par email ou bien via l\u2019<strong>Espace Membre<\/strong>&nbsp;priv\u00e9 \u00e0 l&#8217;adresse internet&nbsp;https:\/\/infinitytravelgroup.com\/&nbsp;contenant un moteur de recherche, des Circuits, des bons plans, et beaucoup d\u2019autres surprises.<\/p>\n\n\n\n<p>Vous pouvez lui demander tout ce que vous voulez, d\u2019une urgence au besoin le plus simple, jusqu\u2019\u00e0 une envie qui vous para\u00eet irr\u00e9alisable\u2026 ! Une seule limite : votre imagination.<\/p>\n\n\n\n<p>L\u2019abonnement INFINITY CONCIERGE GDS comprend tous les services relatifs au conseil, \u00e0 la r\u00e9servation et \u00e0 l\u2019organisation.<\/p>\n\n\n\n<p><strong>L&#8217;ABONNEMENT EST-IL INDIVIDUEL ?<br><\/strong>Oui. L\u2019abonnement INFINITY CONCIERGE GDS est un strictement individuel. L\u2019interlocuteur unique est le ou les b\u00e9n\u00e9ficiaire(s) de l\u2019abonnement.<\/p>\n\n\n\n<p><strong>EST-CE QUE INFINITY CONCIERGE GDS PEUT R\u00c9PONDRE \u00c0 TOUTE REQU\u00caTE ?<br><\/strong>Oui. Tant que celle-ci s\u2019inscrit dans le respect du cadre l\u00e9gal en vigueur dans votre pays de r\u00e9sidence.<\/p>\n\n\n\n<p><strong>EST-CE QUE MON CONCIERGE PEUT R\u00c9PONDRE \u00c0 UNE DEMANDE \u00c0 LA TOUTE DERNI\u00c8RE MINUTE ?<br><\/strong>Oui, sans aucun doute. En dehors des requ\u00eates classiques (r\u00e9servation, organisation, divertissement\u2026), INFINITY CONCIERGE GDS&nbsp;est \u00e9galement \u00e0 votre disposition pour vous d\u00e9panner dans la vie de tous les jours, y compris pour des demandes de derni\u00e8re minute, comme trouver une baby-sitter, un plombier ou encore un d\u00e9panneur en pleine campagne !<\/p>\n\n\n\n<p><strong>QUE SE PASSE-T-IL SI MON CONCIERGE NE PEUT PAS R\u00c9PONDRE \u00c0 UNE DEMANDE PARTICULI\u00c8RE ?<br><\/strong>INFINITY CONCIERGE GDS&nbsp; met tout en \u0153uvre pour r\u00e9pondre \u00e0 toutes les demandes de ses membres, m\u00eame les plus insolites.<\/p>\n\n\n\n<p>Si toutefois une requ\u00eate n\u2019est pas r\u00e9alisable, votre concierge vous proposera diverses alternatives pour r\u00e9pondre au plus pr\u00e8s \u00e0 votre demande initiale.<\/p>\n\n\n\n<p><strong>AI-JE DROIT \u00c0 UN CONCIERGE D\u00c9DI\u00c9 ?<br><\/strong>Oui et non. Votre abonnement vous donne acc\u00e8s \u00e0 l\u2019ensemble des concierges. Cependant, un concierge prioritaire est affect\u00e9 \u00e0 la r\u00e9alisation de vos demandes. Dans le cas o\u00f9 ce dernier est d\u00e9j\u00e0 occup\u00e9 ou absent, n\u2019importe quel autre concierge est en mesure de traiter vos requ\u00eates.<\/p>\n\n\n\n<p>En effet, gr\u00e2ce \u00e0 notre logiciel qui affiche vos dossiers en temps r\u00e9el, chaque assistant est capable de vous r\u00e9pondre sans vous demander \u00e0 nouveau le contenu de vos pr\u00e9c\u00e9dents \u00e9changes.<\/p>\n\n\n\n<p>Sur certains dossiers complexes ou sur votre demande expresse, un concierge unique peut prendre en charge le traitement de votre demande de A \u00e0 Z pour plus de facilit\u00e9.<\/p>\n\n\n\n<p><strong>COMMENT PUIS-JE CONTACTER MON CONCIERGE ?<br><\/strong>D\u00e8s l\u2019activation de votre abonnement par INFINITY CONCIERGE GDS&nbsp;, vous recevez un num\u00e9ro de t\u00e9l\u00e9phone et une adresse email pour contacter votre concierge&nbsp;; ainsi que vos codes d\u2019acc\u00e8s personnels et confidentiels.<\/p>\n\n\n\n<p><strong>QUELLE EST L&#8217;UTILIT\u00c9 DE SOUSCRIRE UN ABONNEMENT INFINITY CONCIERGE GDS&nbsp;?<br><\/strong>En vous d\u00e9chargeant du quotidien aupr\u00e8s de votre concierge, vous vous lib\u00e9rez du temps et vous avez l\u2019esprit libre. Votre concierge est le meilleur assistant personnel pour r\u00e9pondre \u00e0 toutes vos demandes.<\/p>\n\n\n\n<p>INFINITY CONCIERGE GDS&nbsp;est un facilitateur de vie ! &nbsp;<\/p>\n\n\n\n<p>Votre abonnement est \u00e9galement rentabilis\u00e9 d\u00e8s vos premi\u00e8res requ\u00eates. En effet, votrre concierge n\u00e9gocie syst\u00e9matiquement des avantages et des privil\u00e8ges sur les prestations demand\u00e9es. INFINITY CONCIERGE GDS r\u00e9f\u00e9rence des prestataires et partenaires qui r\u00e9pondent aux standards de la marque ; vous \u00eates donc assur\u00e9 de la qualit\u00e9 du service, de la prestation et du prix exclusif remis\u00e9.<\/p>\n\n\n\n<p>L\u2019\u00e9quipe INFINITY CONCIERGE GDS est constitu\u00e9 d\u2019hommes et de femmes passionn\u00e9s par le \u00ab CUSTOMER CARE \u00bb, sp\u00e9cialistes du \u00ab SUR MESURE \u00bb.<\/p>\n\n\n\n<p>L\u2019\u00e9quipe INFINITY CONCIERGE GDS jouit d\u2019une expertise et d\u2019une exp\u00e9rience de plus de 20 ans et dispose d\u2019un r\u00e9seau de contacts tr\u00e8s pointus pour vous faire b\u00e9n\u00e9ficier des meilleurs prestations et des meilleurs prix pour chacune de vos demandes.<\/p>\n\n\n\n<p>Enfin, INFINITY CONCIERGE GDS n\u00e9gocie r\u00e9guli\u00e8rement aupr\u00e8s de ses partenaires des avantages et privil\u00e8ges pour obtenir des surclassements ou des accueils VIP dans des lieux s\u00e9lectionn\u00e9s.<\/p>\n\n\n\n<p><strong>JE VIS \/ SUIS \u00c0 L&#8217;\u00c9TRANGER, LE SERVICE EST-IL DISPONIBLE DANS MON PAYS ?<br><\/strong>Oui. Gr\u00e2ce \u00e0 un r\u00e9seau d\u00e9ploy\u00e9 dans plus de 93 pays, INFINITY CONCIERGE GDS met \u00e0 votre disposition ses contacts locaux pour r\u00e9pondre \u00e0 toutes vos demandes. L\u2019acc\u00e8s aux services de conciergerie priv\u00e9e est disponible partout dans le monde.<\/p>\n\n\n\n<p><strong>Y A-T-IL DES CO\u00dbTS SUPPL\u00c9MENTAIRES OU DES SURFACTURATIONS ?<br><\/strong>Aucun co\u00fbt suppl\u00e9mentaire. Le service de conseil, de recommandation, de r\u00e9servation et d\u2019organisation est inclus dans l\u2019abonnement, quel que soit le temps pass\u00e9 \u00e0 r\u00e9pondre et r\u00e9aliser votre requ\u00eate.<\/p>\n\n\n\n<p><strong>EST-CE QUE LES PRESTATIONS CO\u00dbTENT PLUS CHER EN PASSANT PAR INFINITY CONCIERGE GDS&nbsp;?<br><\/strong>Non, au contraire. Votre concierge trouve la meilleure offre correspondant \u00e0 vos exigences et n\u00e9gocie les prix. Son seul but est de vous obtenir des privil\u00e8ges quotidiennement pour TOUT, PARTOUT et \u00e0 TOUT MOMENT !<\/p>\n\n\n\n<div style=\"height:100px\" aria-hidden=\"true\" class=\"wp-block-spacer\"><\/div>\n","protected":false},"excerpt":{"rendered":"<p>Avec votre abonnement , vous avez la possibilit\u00e9 de contacter votre concierge (jusqu\u2019\u00e0 7j\/7, 24h\/24 y compris les jours f\u00e9ri\u00e9s&nbsp; selon la cat\u00e9gorie de votre abonnement) de mani\u00e8re illimit\u00e9e par t\u00e9l\u00e9phone, par WhatsApp, par email ou bien via l\u2019Espace Membre&nbsp;priv\u00e9 \u00e0 l&#8217;adresse internet&nbsp;https:\/\/infinitytravelgroup.com\/&nbsp;contenant un moteur de recherche, des Circuits, des bons plans, et beaucoup d\u2019autres [&hellip;]<\/p>\n","protected":false},"author":1,"featured_media":0,"parent":0,"menu_order":0,"comment_status":"closed","ping_status":"closed","template":"","meta":{"_et_pb_use_builder":"off","_et_pb_old_content":"","_et_gb_content_width":"1080","footnotes":""},"class_list":["post-546","page","type-page","status-publish","hentry"],"_links":{"self":[{"href":"https:\/\/infinitytravelgroup.com\/index.php?rest_route=\/wp\/v2\/pages\/546","targetHints":{"allow":["GET"]}}],"collection":[{"href":"https:\/\/infinitytravelgroup.com\/index.php?rest_route=\/wp\/v2\/pages"}],"about":[{"href":"https:\/\/infinitytravelgroup.com\/index.php?rest_route=\/wp\/v2\/types\/page"}],"author":[{"embeddable":true,"href":"https:\/\/infinitytravelgroup.com\/index.php?rest_route=\/wp\/v2\/users\/1"}],"replies":[{"embeddable":true,"href":"https:\/\/infinitytravelgroup.com\/index.php?rest_route=%2Fwp%2Fv2%2Fcomments&post=546"}],"version-history":[{"count":3,"href":"https:\/\/infinitytravelgroup.com\/index.php?rest_route=\/wp\/v2\/pages\/546\/revisions"}],"predecessor-version":[{"id":763,"href":"https:\/\/infinitytravelgroup.com\/index.php?rest_route=\/wp\/v2\/pages\/546\/revisions\/763"}],"wp:attachment":[{"href":"https:\/\/infinitytravelgroup.com\/index.php?rest_route=%2Fwp%2Fv2%2Fmedia&parent=546"}],"curies":[{"name":"wp","href":"https:\/\/api.w.org\/{rel}","templated":true}]}}