{"id":491,"date":"2025-04-09T19:46:22","date_gmt":"2025-04-09T19:46:22","guid":{"rendered":"https:\/\/infinitytravelclub.net\/ini1-francais\/"},"modified":"2025-07-30T12:24:23","modified_gmt":"2025-07-30T12:24:23","slug":"ini1-francais","status":"publish","type":"page","link":"https:\/\/infinitytravelgroup.com\/","title":{"rendered":"ini1 &#8211; Fran\u00e7ais"},"content":{"rendered":"<p>[et_pb_section fb_built=\u00bb1&#8243; fullwidth=\u00bbon\u00bb _builder_version=\u00bb4.22.1&#8243; _module_preset=\u00bbdefault\u00bb custom_margin=\u00bb-103px||-79px||false|false\u00bb custom_padding=\u00bb0px|||0px|false|false\u00bb global_colors_info=\u00bb{}\u00bb][et_pb_fullwidth_slider _builder_version=\u00bb4.22.1&#8243; _module_preset=\u00bbdefault\u00bb background_color=\u00bb#000000&#8243; min_height=\u00bb473.8px\u00bb custom_margin=\u00bb||75px|||\u00bb custom_padding=\u00bb||162px|||\u00bb global_colors_info=\u00bb{}\u00bb][et_pb_slide heading=\u00bbBienvenue dans l\u2019Espace Adh\u00e9rents Infinity Concierge GDS\u00bb button_text=\u00bbAcc\u00e8s Membre\u00bb button_link=\u00bbhttps:\/\/infinitytravelgroup.com\/?page_id=713&#8243; image=\u00bbhttps:\/\/infinitytravelclub.net\/wp-content\/uploads\/2025\/03\/Proyecto-nuevo-44.jpg\u00bb _builder_version=\u00bb4.22.1&#8243; _module_preset=\u00bbdefault\u00bb custom_button=\u00bbon\u00bb button_text_color=\u00bb#000000&#8243; button_bg_color=\u00bb#FFFFFF\u00bb button_border_radius=\u00bb100px\u00bb inline_fonts=\u00bbAbel\u00bb global_colors_info=\u00bb{}\u00bb sticky_transition=\u00bbon\u00bb]<\/p>\n<h4>Infinity Concierge GDS, bas\u00e9e aux USA et reconnue mondialement comme la r\u00e9f\u00e9rence en mati\u00e8re de conciergerie priv\u00e9e, vous propose son programme d\u2019adh\u00e9sion exclusif via le site www.infinitytravelgroup.com<br \/>R\u00e9serv\u00e9 exclusivement \u00e0 nos clients abonn\u00e9s, notre service s\u2019engage \u00e0 g\u00e9rer chaque aspect de votre quotidien avec rigueur, professionnalisme et discr\u00e9tion absolue.<\/h4>\n<p>[\/et_pb_slide][\/et_pb_fullwidth_slider][\/et_pb_section][et_pb_section fb_built=\u00bb1&#8243; _builder_version=\u00bb4.22.1&#8243; _module_preset=\u00bbdefault\u00bb width=\u00bb100%\u00bb max_width=\u00bb100%\u00bb min_height=\u00bb1678.3px\u00bb height=\u00bb943px\u00bb custom_padding=\u00bb|0px|1px|0px|false|false\u00bb hover_enabled=\u00bb0&#8243; global_colors_info=\u00bb{}\u00bb sticky_enabled=\u00bb0&#8243;][et_pb_row column_structure=\u00bb1_3,1_3,1_3&#8243; use_custom_gutter=\u00bbon\u00bb gutter_width=\u00bb2&#8243; make_equal=\u00bbon\u00bb _builder_version=\u00bb4.22.1&#8243; _module_preset=\u00bbdefault\u00bb background_color=\u00bbRGBA(255,255,255,0)\u00bb width=\u00bb100%\u00bb max_width=\u00bb1750px\u00bb module_alignment=\u00bbcenter\u00bb min_height=\u00bb472.8px\u00bb custom_margin=\u00bb-67px|217px|16px|172px|false|false\u00bb custom_padding=\u00bb|0px||0px|false|false\u00bb global_colors_info=\u00bb{}\u00bb][et_pb_column type=\u00bb1_3&#8243; _builder_version=\u00bb4.22.1&#8243; _module_preset=\u00bbdefault\u00bb background_color=\u00bb#FFFFFF\u00bb custom_padding=\u00bb0px|30px|30px|30px|false|false\u00bb border_style_all=\u00bbinset\u00bb box_shadow_style=\u00bbpreset1&#8243; global_colors_info=\u00bb{}\u00bb][et_pb_blurb image=\u00bbhttps:\/\/infinitytravelclub.net\/wp-content\/uploads\/2025\/03\/travel.jpg\u00bb _builder_version=\u00bb4.22.1&#8243; _module_preset=\u00bbdefault\u00bb custom_margin=\u00bb1px|-30px||-30px|false|false\u00bb global_colors_info=\u00bb{}\u00bb][\/et_pb_blurb][et_pb_blurb title=\u00bbVoyages Sur Mesure &#038; Exp\u00e9riences Globales\u00bb use_icon=\u00bbon\u00bb _builder_version=\u00bb4.22.1&#8243; _module_preset=\u00bbdefault\u00bb header_level=\u00bbh1&#8243; custom_margin=\u00bb-23px||||false|false\u00bb global_colors_info=\u00bb{}\u00bb]<\/p>\n<p>Nos experts en voyages con\u00e7oivent des itin\u00e9raires personnalis\u00e9s qui refl\u00e8tent vos go\u00fbts et aspirations. De la r\u00e9servation de vols et d\u2019h\u00e9bergements \u00e0 l\u2019organisation de visites guid\u00e9es et d\u2019exp\u00e9riences culturelles immersives, nous prenons en charge chaque d\u00e9tail de votre p\u00e9riple, que ce soit pour une escapade d\u2019un week-end ou pour un voyage autour du monde.<\/p>\n<p>[\/et_pb_blurb][\/et_pb_column][et_pb_column type=\u00bb1_3&#8243; _builder_version=\u00bb4.22.1&#8243; _module_preset=\u00bbdefault\u00bb background_color=\u00bb#FFFFFF\u00bb custom_padding=\u00bb0px|30px|30px|30px|false|false\u00bb border_style_all=\u00bbinset\u00bb box_shadow_style=\u00bbpreset1&#8243; global_colors_info=\u00bb{}\u00bb][et_pb_blurb image=\u00bbhttps:\/\/infinitytravelclub.net\/wp-content\/uploads\/2025\/03\/Restaurants-nightlife.jpg\u00bb _builder_version=\u00bb4.22.1&#8243; _module_preset=\u00bbdefault\u00bb custom_margin=\u00bb1px|-30px||-30px|false|false\u00bb global_colors_info=\u00bb{}\u00bb][\/et_pb_blurb][et_pb_blurb title=\u00bbOrganisation d\u2019\u00c9v\u00e9nements &#038; Divertissements \u00bb use_icon=\u00bbon\u00bb _builder_version=\u00bb4.22.1&#8243; _module_preset=\u00bbdefault\u00bb header_level=\u00bbh1&#8243; custom_margin=\u00bb-23px||||false|false\u00bb global_colors_info=\u00bb{}\u00bb]<\/p>\n<p>Notre savoir-faire ne se limite pas aux voyages. Nous organisons des \u00e9v\u00e9nements allant des r\u00e9unions intimes aux c\u00e9l\u00e9brations grandioses. Qu\u2019il s\u2019agisse de r\u00e9server une table dans un restaurant gastronomique, de coordonner des soir\u00e9es priv\u00e9es ou de vous offrir un acc\u00e8s VIP \u00e0 des spectacles et manifestations prestigieuses, nous veillons \u00e0 ce que chaque exp\u00e9rience soit parfaitement orchestr\u00e9e.<\/p>\n<p>[\/et_pb_blurb][\/et_pb_column][et_pb_column type=\u00bb1_3&#8243; _builder_version=\u00bb4.22.1&#8243; _module_preset=\u00bbdefault\u00bb background_color=\u00bb#FFFFFF\u00bb custom_padding=\u00bb0px|30px|30px|30px|false|false\u00bb border_style_all=\u00bbinset\u00bb box_shadow_style=\u00bbpreset1&#8243; global_colors_info=\u00bb{}\u00bb][et_pb_blurb image=\u00bbhttps:\/\/infinitytravelclub.net\/wp-content\/uploads\/2025\/04\/Lifestyle-Management-Personal-Errands.jpg\u00bb _builder_version=\u00bb4.22.1&#8243; _module_preset=\u00bbdefault\u00bb custom_margin=\u00bb1px|-30px||-30px|false|false\u00bb global_colors_info=\u00bb{}\u00bb][\/et_pb_blurb][et_pb_blurb title=\u00bbGestion de Votre Quotidien &#038; Services Personnels \u00bb use_icon=\u00bbon\u00bb _builder_version=\u00bb4.22.1&#8243; _module_preset=\u00bbdefault\u00bb header_level=\u00bbh1&#8243; custom_margin=\u00bb-23px||||false|false\u00bb global_colors_info=\u00bb{}\u00bb]<\/p>\n<p>Pour sublimer votre vie de tous les jours, nous offrons une gestion compl\u00e8te de vos besoins personnels. Cela inclut la prise de rendez-vous, le shopping priv\u00e9, l\u2019organisation de services de bien-\u00eatre, la gestion de votre domicile et bien plus encore. Aucun besoin n\u2019est trop simple ou trop complexe\u2014nous sommes l\u00e0 pour faciliter votre quotidien.<\/p>\n<p>[\/et_pb_blurb][\/et_pb_column][\/et_pb_row][et_pb_row column_structure=\u00bb1_3,1_3,1_3&#8243; use_custom_gutter=\u00bbon\u00bb gutter_width=\u00bb2&#8243; make_equal=\u00bbon\u00bb _builder_version=\u00bb4.22.1&#8243; _module_preset=\u00bbdefault\u00bb background_color=\u00bbRGBA(255,255,255,0)\u00bb width=\u00bb100%\u00bb max_width=\u00bb1750px\u00bb module_alignment=\u00bbcenter\u00bb min_height=\u00bb472.8px\u00bb custom_margin=\u00bb|217px|95px|172px|false|false\u00bb custom_padding=\u00bb|0px||0px|false|false\u00bb global_colors_info=\u00bb{}\u00bb][et_pb_column type=\u00bb1_3&#8243; _builder_version=\u00bb4.22.1&#8243; _module_preset=\u00bbdefault\u00bb background_color=\u00bb#FFFFFF\u00bb custom_padding=\u00bb0px|30px|30px|30px|false|false\u00bb border_style_all=\u00bbinset\u00bb box_shadow_style=\u00bbpreset1&#8243; global_colors_info=\u00bb{}\u00bb][et_pb_blurb image=\u00bbhttps:\/\/infinitytravelclub.net\/wp-content\/uploads\/2025\/04\/Business-Execu-ve-Support.jpg\u00bb _builder_version=\u00bb4.22.1&#8243; _module_preset=\u00bbdefault\u00bb custom_margin=\u00bb1px|-30px||-30px|false|false\u00bb global_colors_info=\u00bb{}\u00bb][\/et_pb_blurb][et_pb_blurb title=\u00bbAssistance Professionnelle &#038; Support Ex\u00e9cutif \u00bb use_icon=\u00bbon\u00bb _builder_version=\u00bb4.22.1&#8243; _module_preset=\u00bbdefault\u00bb header_level=\u00bbh1&#8243; custom_margin=\u00bb-23px||||false|false\u00bb custom_padding=\u00bb5px|||||\u00bb global_colors_info=\u00bb{}\u00bb]<\/p>\n<p>Pour vos obligations professionnelles, nous proposons un accompagnement sur mesure : organisation de d\u00e9placements d\u2019affaires, coordination de r\u00e9unions dans des lieux prestigieux, et gestion logistique afin de vous permettre de vous concentrer sur l\u2019essentiel.<\/p>\n<p>[\/et_pb_blurb][\/et_pb_column][et_pb_column type=\u00bb1_3&#8243; _builder_version=\u00bb4.22.1&#8243; _module_preset=\u00bbdefault\u00bb background_color=\u00bb#FFFFFF\u00bb custom_padding=\u00bb0px|30px|30px|30px|false|false\u00bb border_style_all=\u00bbinset\u00bb box_shadow_style=\u00bbpreset1&#8243; global_colors_info=\u00bb{}\u00bb][et_pb_blurb image=\u00bbhttps:\/\/infinitytravelclub.net\/wp-content\/uploads\/2025\/04\/Specialized-Services-Across-All-Domains.jpg\u00bb _builder_version=\u00bb4.22.1&#8243; _module_preset=\u00bbdefault\u00bb custom_margin=\u00bb1px|-30px||-30px|false|false\u00bb global_colors_info=\u00bb{}\u00bb][\/et_pb_blurb][et_pb_blurb title=\u00bbServicios Especializados en Todas las \u00c1reas\u00bb use_icon=\u00bbon\u00bb _builder_version=\u00bb4.22.1&#8243; _module_preset=\u00bbdefault\u00bb header_level=\u00bbh1&#8243; custom_margin=\u00bb-23px||||false|false\u00bb global_colors_info=\u00bb{}\u00bb]<\/p>\n<p>Nos comp\u00e9tences s\u2019\u00e9tendent \u00e0 tous les secteurs. Que vous ayez besoin d\u2019une aide pour une location, de services de traduction, d\u2019un accompagnement dans le domaine de la s\u00e9curit\u00e9 personnelle ou d\u2019un acc\u00e8s \u00e0 des exp\u00e9riences exclusives dans l\u2019art, le sport ou la culture, notre r\u00e9seau mondial nous permet de r\u00e9pondre \u00e0 toutes vos attentes.<\/p>\n<p>[\/et_pb_blurb][et_pb_divider show_divider=\u00bboff\u00bb _builder_version=\u00bb4.22.1&#8243; _module_preset=\u00bbdefault\u00bb global_colors_info=\u00bb{}\u00bb][\/et_pb_divider][\/et_pb_column][et_pb_column type=\u00bb1_3&#8243; _builder_version=\u00bb4.22.1&#8243; _module_preset=\u00bbdefault\u00bb background_color=\u00bb#FFFFFF\u00bb custom_padding=\u00bb0px|30px|30px|30px|false|false\u00bb border_style_all=\u00bbinset\u00bb box_shadow_style=\u00bbpreset1&#8243; global_colors_info=\u00bb{}\u00bb][et_pb_blurb image=\u00bbhttps:\/\/infinitytravelclub.net\/wp-content\/uploads\/2025\/03\/Private-Mambership.jpg\u00bb _builder_version=\u00bb4.22.1&#8243; _module_preset=\u00bbdefault\u00bb custom_margin=\u00bb1px|-30px||-30px|false|false\u00bb global_colors_info=\u00bb{}\u00bb][\/et_pb_blurb][et_pb_blurb title=\u00bbAvantages Exclusifs &#038; Remises In\u00e9gal\u00e9es \u00bb use_icon=\u00bbon\u00bb _builder_version=\u00bb4.22.1&#8243; _module_preset=\u00bbdefault\u00bb header_level=\u00bbh1&#8243; custom_margin=\u00bb-23px||||false|false\u00bb global_colors_info=\u00bb{}\u00bb]<\/p>\n<p>En tant qu\u2019adh\u00e9rent, vous b\u00e9n\u00e9ficiez d\u2019avantages et de tarifs pr\u00e9f\u00e9rentiels n\u00e9goci\u00e9s exclusivement pour vous. Gr\u00e2ce \u00e0 nos partenariats durables \u00e0 l\u2019\u00e9chelle mondiale, aucun autre prestataire ne peut \u00e9galer les privil\u00e8ges dont vous jouissez.<\/p>\n<p>[\/et_pb_blurb][\/et_pb_column][\/et_pb_row][\/et_pb_section]<\/p>\n","protected":false},"excerpt":{"rendered":"<p>Infinity Concierge GDS, bas\u00e9e aux USA et reconnue mondialement comme la r\u00e9f\u00e9rence en mati\u00e8re de conciergerie priv\u00e9e, vous propose son programme d\u2019adh\u00e9sion exclusif via le site www.infinitytravelgroup.comR\u00e9serv\u00e9 exclusivement \u00e0 nos clients abonn\u00e9s, notre service s\u2019engage \u00e0 g\u00e9rer chaque aspect de votre quotidien avec rigueur, professionnalisme et discr\u00e9tion absolue.Nos experts en voyages con\u00e7oivent des itin\u00e9raires personnalis\u00e9s [&hellip;]<\/p>\n","protected":false},"author":1,"featured_media":0,"parent":0,"menu_order":0,"comment_status":"closed","ping_status":"closed","template":"","meta":{"_et_pb_use_builder":"on","_et_pb_old_content":"","_et_gb_content_width":"","footnotes":""},"class_list":["post-491","page","type-page","status-publish","hentry"],"_links":{"self":[{"href":"https:\/\/infinitytravelgroup.com\/index.php?rest_route=\/wp\/v2\/pages\/491","targetHints":{"allow":["GET"]}}],"collection":[{"href":"https:\/\/infinitytravelgroup.com\/index.php?rest_route=\/wp\/v2\/pages"}],"about":[{"href":"https:\/\/infinitytravelgroup.com\/index.php?rest_route=\/wp\/v2\/types\/page"}],"author":[{"embeddable":true,"href":"https:\/\/infinitytravelgroup.com\/index.php?rest_route=\/wp\/v2\/users\/1"}],"replies":[{"embeddable":true,"href":"https:\/\/infinitytravelgroup.com\/index.php?rest_route=%2Fwp%2Fv2%2Fcomments&post=491"}],"version-history":[{"count":35,"href":"https:\/\/infinitytravelgroup.com\/index.php?rest_route=\/wp\/v2\/pages\/491\/revisions"}],"predecessor-version":[{"id":2625,"href":"https:\/\/infinitytravelgroup.com\/index.php?rest_route=\/wp\/v2\/pages\/491\/revisions\/2625"}],"wp:attachment":[{"href":"https:\/\/infinitytravelgroup.com\/index.php?rest_route=%2Fwp%2Fv2%2Fmedia&parent=491"}],"curies":[{"name":"wp","href":"https:\/\/api.w.org\/{rel}","templated":true}]}}